{"id":1050,"date":"2023-07-25T13:00:03","date_gmt":"2023-07-25T13:00:03","guid":{"rendered":"https:\/\/2023.exposure-systems.com\/politique-de-retour\/"},"modified":"2023-07-25T14:43:46","modified_gmt":"2023-07-25T14:43:46","slug":"politique-de-retour","status":"publish","type":"page","link":"https:\/\/exposure-systems.com\/fr\/politique-de-retour\/","title":{"rendered":"Politique de retour"},"content":{"rendered":"\t\t<div data-elementor-type=\"wp-page\" data-elementor-id=\"1050\" class=\"elementor elementor-1050 elementor-339\" data-elementor-post-type=\"page\">\n\t\t\t\t\t\t<section class=\"elementor-section elementor-top-section elementor-element elementor-element-81caa6d elementor-section-boxed elementor-section-height-default elementor-section-height-default\" data-id=\"81caa6d\" data-element_type=\"section\" data-e-type=\"section\">\n\t\t\t\t\t\t<div class=\"elementor-container elementor-column-gap-default\">\n\t\t\t\t\t<div class=\"elementor-column elementor-col-100 elementor-top-column elementor-element elementor-element-2cbab3d\" data-id=\"2cbab3d\" data-element_type=\"column\" data-e-type=\"column\">\n\t\t\t<div class=\"elementor-widget-wrap elementor-element-populated\">\n\t\t\t\t\t\t<div class=\"elementor-element elementor-element-553d5ff elementor-widget elementor-widget-template\" data-id=\"553d5ff\" data-element_type=\"widget\" data-e-type=\"widget\" data-widget_type=\"template.default\">\n\t\t\t\t<div class=\"elementor-widget-container\">\n\t\t\t\t\t\t\t<div class=\"elementor-template\">\n\t\t\t\t\t<div data-elementor-type=\"section\" data-elementor-id=\"1251\" class=\"elementor elementor-1251 elementor-200 elementor-200\" data-elementor-post-type=\"elementor_library\">\n\t\t\t\t\t<section class=\"elementor-section elementor-top-section elementor-element elementor-element-929b71b elementor-section-boxed elementor-section-height-default elementor-section-height-default\" data-id=\"929b71b\" data-element_type=\"section\" data-e-type=\"section\">\n\t\t\t\t\t\t<div class=\"elementor-container elementor-column-gap-default\">\n\t\t\t\t\t<div class=\"elementor-column elementor-col-100 elementor-top-column elementor-element elementor-element-cd15f87\" data-id=\"cd15f87\" data-element_type=\"column\" data-e-type=\"column\">\n\t\t\t<div class=\"elementor-widget-wrap elementor-element-populated\">\n\t\t\t\t\t\t<div class=\"elementor-element elementor-element-68810a6 uael-heading-align-left elementor-widget elementor-widget-uael-table-of-contents\" data-id=\"68810a6\" data-element_type=\"widget\" data-e-type=\"widget\" data-settings=\"{&quot;toc_icon_size&quot;:{&quot;unit&quot;:&quot;px&quot;,&quot;size&quot;:20,&quot;sizes&quot;:[]},&quot;toc_icon_size_tablet&quot;:{&quot;unit&quot;:&quot;px&quot;,&quot;size&quot;:&quot;&quot;,&quot;sizes&quot;:[]},&quot;toc_icon_size_mobile&quot;:{&quot;unit&quot;:&quot;px&quot;,&quot;size&quot;:&quot;&quot;,&quot;sizes&quot;:[]},&quot;heading_text_align&quot;:&quot;left&quot;,&quot;heading_bottom_space&quot;:{&quot;unit&quot;:&quot;px&quot;,&quot;size&quot;:&quot;&quot;,&quot;sizes&quot;:[]},&quot;heading_bottom_space_tablet&quot;:{&quot;unit&quot;:&quot;px&quot;,&quot;size&quot;:&quot;&quot;,&quot;sizes&quot;:[]},&quot;heading_bottom_space_mobile&quot;:{&quot;unit&quot;:&quot;px&quot;,&quot;size&quot;:&quot;&quot;,&quot;sizes&quot;:[]},&quot;separator_bottom_space&quot;:{&quot;unit&quot;:&quot;px&quot;,&quot;size&quot;:&quot;&quot;,&quot;sizes&quot;:[]},&quot;separator_bottom_space_tablet&quot;:{&quot;unit&quot;:&quot;px&quot;,&quot;size&quot;:&quot;&quot;,&quot;sizes&quot;:[]},&quot;separator_bottom_space_mobile&quot;:{&quot;unit&quot;:&quot;px&quot;,&quot;size&quot;:&quot;&quot;,&quot;sizes&quot;:[]},&quot;content_between_space&quot;:{&quot;unit&quot;:&quot;px&quot;,&quot;size&quot;:15,&quot;sizes&quot;:[]},&quot;content_between_space_tablet&quot;:{&quot;unit&quot;:&quot;px&quot;,&quot;size&quot;:&quot;&quot;,&quot;sizes&quot;:[]},&quot;content_between_space_mobile&quot;:{&quot;unit&quot;:&quot;px&quot;,&quot;size&quot;:&quot;&quot;,&quot;sizes&quot;:[]}}\" data-widget_type=\"uael-table-of-contents.default\">\n\t\t\t\t<div class=\"elementor-widget-container\">\n\t\t\t\t\t\t\t<div class=\"uael-toc-main-wrapper uael-toc-auto-collapse\" data-headings=\"h1,h2,h3\" >\n\t\t\t<div class=\"uael-toc-wrapper\">\n\t\t\t\t<div class=\"uael-toc-header\">\n\t\t\t\t\t<span class=\"uael-toc-heading elementor-inline-editing\" data-elementor-setting-key=\"heading_title\" data-elementor-inline-editing-toolbar=\"basic\" >Contenu de la page<\/span>\n\t\t\t\t\t\t\t\t\t\t\t<div class=\"uael-toc-switch\" data-hideshow=\"yes\" data-is-collapsible=\"yes\">\n\t\t\t\t\t\t\t<span class=\"uael-icon fa\"><\/span>\n\t\t\t\t\t\t<\/div>\n\t\t\t\t\t\t\t\t\t<\/div>\n\t\t\t\t\t\t\t\t<div class=\"uael-toc-toggle-content\">\n\t\t\t\t\t<div class=\"uael-toc-content-wrapper\">\n\t\t\t\t\t\t\n\t\t\t\t\t\t\t<ul data-toc-headings=\"headings\" class=\"uael-toc-list uael-toc-list-disc\" data-scroll=\"\" ><\/ul>\n\t\t\t\t\t\t\t\t\t\t\t<\/div>\n\t\t\t\t<\/div>\n\t\t\t\t<div class=\"uael-toc-empty-note\">\n\t\t\t\t\t<span>Add a header to begin generating the table of contents<\/span>\n\t\t\t\t<\/div>\n\t\t\t<\/div>\n\t\t\t\t\t<\/div>\n\t\t\t\t\t\t<\/div>\n\t\t\t\t<\/div>\n\t\t\t\t\t<\/div>\n\t\t<\/div>\n\t\t\t\t\t<\/div>\n\t\t<\/section>\n\t\t\t\t<\/div>\n\t\t\t\t<\/div>\n\t\t\t\t\t\t<\/div>\n\t\t\t\t<\/div>\n\t\t\t\t\t<\/div>\n\t\t<\/div>\n\t\t\t\t\t<\/div>\n\t\t<\/section>\n\t\t\t\t<section class=\"elementor-section elementor-top-section elementor-element elementor-element-1a5938e3 elementor-section-boxed elementor-section-height-default elementor-section-height-default\" data-id=\"1a5938e3\" data-element_type=\"section\" data-e-type=\"section\">\n\t\t\t\t\t\t<div class=\"elementor-container elementor-column-gap-default\">\n\t\t\t\t\t<div class=\"elementor-column elementor-col-100 elementor-top-column elementor-element elementor-element-8b5b9a8\" data-id=\"8b5b9a8\" data-element_type=\"column\" data-e-type=\"column\">\n\t\t\t<div class=\"elementor-widget-wrap elementor-element-populated\">\n\t\t\t\t\t\t<div class=\"elementor-element elementor-element-4fac90af elementor-widget elementor-widget-heading\" data-id=\"4fac90af\" data-element_type=\"widget\" data-e-type=\"widget\" data-widget_type=\"heading.default\">\n\t\t\t\t<div class=\"elementor-widget-container\">\n\t\t\t\t\t<h1 class=\"elementor-heading-title elementor-size-default\">Politique de retour<\/h1>\t\t\t\t<\/div>\n\t\t\t\t<\/div>\n\t\t\t\t<div class=\"elementor-element elementor-element-1d16ef9 elementor-widget elementor-widget-text-editor\" data-id=\"1d16ef9\" data-element_type=\"widget\" data-e-type=\"widget\" data-widget_type=\"text-editor.default\">\n\t\t\t\t<div class=\"elementor-widget-container\">\n\t\t\t\t\t\t\t\t\t<section class=\"elementor-section elementor-top-section elementor-element elementor-element-42e88cd elementor-section-boxed elementor-section-height-default elementor-section-height-default\" data-id=\"42e88cd\" data-element_type=\"section\">\n<div class=\"elementor-container elementor-column-gap-default\">\n<div class=\"elementor-row\">\n<div class=\"elementor-column elementor-col-100 elementor-top-column elementor-element elementor-element-6106f91\" data-id=\"6106f91\" data-element_type=\"column\">\n<div class=\"elementor-column-wrap elementor-element-populated\">\n<div class=\"elementor-widget-wrap\">\n<div class=\"elementor-element elementor-element-ebbd26e elementor-widget elementor-widget-text-editor\" data-id=\"ebbd26e\" data-element_type=\"widget\" data-widget_type=\"text-editor.default\">\n<div class=\"elementor-widget-container\">\n<div class=\"elementor-text-editor elementor-clearfix\">\n<div class=\"page\" title=\"Page 1\">\n<div class=\"layoutArea\">\n<div class=\"column\">\n<p>Les articles achet\u00e9s chez Exposure Systems peuvent, dans la plupart des cas, \u00eatre retourn\u00e9s dans les 30 jours suivant leur r\u00e9ception. Pendant cette p\u00e9riode, vous pouvez essayer et \u00e9valuer les produits comme vous le feriez dans un magasin physique. Lorsque vous souhaitez retourner un produit, celui-ci doit \u00eatre dans le m\u00eame \u00e9tat que celui dans lequel vous l&rsquo;avez re\u00e7u, sans aucun dommage. Vous pouvez retirer les produits de leur emballage, sauf si celui-ci est scell\u00e9.<\/p>\n<p>Si vous d\u00e9cidez de renvoyer des produits, nous vous demandons de nous en informer \u00e0 l&rsquo;avance en remplissant le formulaire de retour sur notre site web ou en utilisant le formulaire de r\u00e9tractation ci-dessous. Vous pouvez \u00e9galement nous en informer en envoyant un courrier \u00e9lectronique \u00e0 l&rsquo;adresse suivante : info@exposure-systems.com. Veuillez noter que vous devez retourner les produits dans les 14 jours suivant la date \u00e0 laquelle vous nous en avez inform\u00e9s.<\/p>\n<h2>Traitement de votre retour<\/h2>\n<p>Une fois que nous avons re\u00e7u votre envoi de retour, nous nous mettons au travail pour \u00e9valuer les articles retourn\u00e9s et traiter votre remboursement. L&rsquo;argent sera rembours\u00e9 selon la m\u00e9thode de paiement originale que vous avez utilis\u00e9e lors de l&rsquo;achat, sauf demande contraire. Le montant sera rembours\u00e9 dans les 5 jours. Nous prenons en charge les frais de retour.<\/p>\n<h2>Articles qui ne peuvent pas \u00eatre retourn\u00e9s<\/h2>\n<h4>Les articles suivants ne peuvent pas \u00eatre retourn\u00e9s :<\/h4>\n<ul>\n<li>Produits fabriqu\u00e9s sur mesure selon les sp\u00e9cifications de l&rsquo;acheteur, tels que : cadre(s) en aluminium autre(s) que les formats standard propos\u00e9s, impression(s) d&rsquo;accompagnement recadr\u00e9e(s) au format souhait\u00e9 et mat\u00e9riel d&rsquo;image t\u00e9l\u00e9charg\u00e9 par les clients eux-m\u00eames selon les sp\u00e9cifications.<\/li>\n<\/ul>\n<\/div>\n<\/div>\n<\/div>\n<\/div>\n<\/div>\n<\/div>\n<\/div>\n<\/div>\n<\/div>\n<\/div>\n<\/div>\n<\/section>\n<section class=\"elementor-section elementor-top-section elementor-element elementor-element-08536d8 elementor-section-boxed elementor-section-height-default elementor-section-height-default\" data-id=\"08536d8\" data-element_type=\"section\">\n<div class=\"elementor-container elementor-column-gap-default\">\n<div class=\"elementor-row\">\n<div class=\"elementor-column elementor-col-100 elementor-top-column elementor-element elementor-element-8bc9b6f\" data-id=\"8bc9b6f\" data-element_type=\"column\">\n<div class=\"elementor-column-wrap elementor-element-populated\">\n<div class=\"elementor-widget-wrap\">\n<div class=\"elementor-element elementor-element-6dfdc4d elementor-widget elementor-widget-text-editor\" data-id=\"6dfdc4d\" data-element_type=\"widget\" data-widget_type=\"text-editor.default\">\n<div class=\"elementor-widget-container\">\n<div class=\"elementor-text-editor elementor-clearfix\">\n<h3>Remplissez notre <a href=\"\/wp-content\/uploads\/2023\/07\/Retourbeleid-Exposure-Systems.pdf\">formulaire de r\u00e9tractation<\/a> pour retourner les articles qui remplissent les conditions ci-dessus.<\/h3>\n<\/div>\n<\/div>\n<\/div>\n<\/div>\n<\/div>\n<\/div>\n<\/div>\n<\/div>\n<\/section>\n\t\t\t\t\t\t\t\t<\/div>\n\t\t\t\t<\/div>\n\t\t\t\t<div class=\"elementor-element elementor-element-d81fed3 elementor-widget elementor-widget-text-editor\" data-id=\"d81fed3\" data-element_type=\"widget\" data-e-type=\"widget\" data-widget_type=\"text-editor.default\">\n\t\t\t\t<div class=\"elementor-widget-container\">\n\t\t\t\t\t\t\t\t\t<p>Vos donn\u00e9es personnelles peuvent \u00e9galement \u00eatre trait\u00e9es lorsque cela est justifi\u00e9 :<\/p>\n<ul>\n<li>Dans l&rsquo;int\u00e9r\u00eat de la s\u00e9curit\u00e9 de l&rsquo;\u00c9tat ;<\/li>\n<li>Pr\u00e9venir, d\u00e9tecter et poursuivre les infractions p\u00e9nales ;<\/li>\n<li>Pour les int\u00e9r\u00eats \u00e9conomiques et financiers importants de l&rsquo;\u00c9tat et d&rsquo;autres organismes publics<\/li>\n<li>Prot\u00e9ger les droits et les libert\u00e9s d&rsquo;autrui ;<\/li>\n<li>Contr\u00f4ler le respect des exigences l\u00e9gales \u00e9tablies pour la recherche et la poursuite d&rsquo;infractions p\u00e9nales ou pour des int\u00e9r\u00eats \u00e9conomiques et financiers importants de l&rsquo;\u00c9tat et d&rsquo;autres organismes publics.<\/li>\n<\/ul>\n<h2>P\u00e9riode de conservation<\/h2>\n<p>Vos donn\u00e9es personnelles ne seront pas conserv\u00e9es plus longtemps que n\u00e9cessaire aux fins pour lesquelles nous les collectons ou les traitons. Vos donn\u00e9es personnelles ne seront pas conserv\u00e9es plus de deux ans, \u00e0 moins qu&rsquo;il ne soit n\u00e9cessaire de les conserver plus longtemps pour se conformer \u00e0 une obligation l\u00e9gale de conservation d&rsquo;Exposure Systems Nederland BV.<\/p>\n<h2>Destinataires de vos donn\u00e9es<\/h2>\n<p>Nous transmettrons vos donn\u00e9es personnelles aux cat\u00e9gories de destinataires suivantes :<\/p>\n<p>o Les personnes charg\u00e9es de l&rsquo;ex\u00e9cution de l&rsquo;accord ou n\u00e9cessairement impliqu\u00e9es dans celle-ci.<\/p>\n<p>o Les personnes charg\u00e9es ou n\u00e9cessairement impliqu\u00e9es dans la communication avec l&rsquo;utilisateur.<\/p>\n<p>o Autres, si l&rsquo;utilisateur a consenti sans ambigu\u00eft\u00e9 au traitement des donn\u00e9es.<\/p>\n<p>o Autres, si le traitement des donn\u00e9es est n\u00e9cessaire \u00e0 l&rsquo;accomplissement d&rsquo;une obligation l\u00e9gale par Exposure Systems Nederland BV ;<\/p>\n<p>o Autres, si les donn\u00e9es sont trait\u00e9es (exclusivement) \u00e0 des fins statistiques ou historiques.<\/p>\n<p>Les donn\u00e9es fournies \u00e0 ces destinataires seront supprim\u00e9es \u00e0 la demande de l&rsquo;utilisateur ou au plus tard un an apr\u00e8s la fin de la relation entre Exposure Systems Nederland BV et ces destinataires.<\/p>\n<h2>Transfert vers d&rsquo;autres pays<\/h2>\n<p>Vos donn\u00e9es personnelles ne seront pas transf\u00e9r\u00e9es vers des pays en dehors de l&rsquo;Europe.<\/p>\n<h2>Opposition et correction<\/h2>\n<p>Vous pouvez vous opposer \u00e0 l&rsquo;utilisation de vos donn\u00e9es personnelles \u00e0 des fins de marketing direct, gratuitement et sans donner de raison, en envoyant un courrier \u00e9lectronique \u00e0 <a href=\"mailto:info@exposure-systems.com\">info@exposure-systems.com<\/a>. <\/p>\n<p>Exposure Systems Nederland BV mettra fin \u00e0 l&rsquo;utilisation \u00e0 la premi\u00e8re demande. Dans tous les autres cas, vous pouvez vous opposer au traitement en raison de circonstances personnelles particuli\u00e8res en envoyant un e-mail \u00e0 <a href=\"mailto:info@exposure-systems.com\">info@exposure-systems.com<\/a>.<\/p>\n<p>Exposure Systems Nederland BV \u00e9valuera si l&rsquo;objection est justifi\u00e9e dans un d\u00e9lai de quatre semaines \u00e0 compter de la r\u00e9ception de l&rsquo;objection. Dans ce cas, Exposure Systems Nederland BV mettra fin au traitement. En cas d&rsquo;objection non fond\u00e9e, Exposure Systems Nederland BV peut facturer une redevance conform\u00e9ment au \u00ab\u00a0D\u00e9cret relatif au remboursement des frais encourus par les personnes concern\u00e9es\u00a0\u00bb (Wbp).<\/p>\n<p>Si vos donn\u00e9es personnelles sont incorrectes, vous pouvez demander \u00e0 Exposure Systems Nederland BV de les corriger en envoyant un courrier \u00e9lectronique \u00e0 <a href=\"mailto:info@exposure-systems.com\">info@exposure-systems.com<\/a>.<\/p>\n<p>Exposure Systems Nederland BV vous fera savoir dans un d\u00e9lai de quatre semaines par e-mail dans quelle mesure il peut donner suite \u00e0 la demande de correction. La correction aura lieu si les donn\u00e9es \u00e0 caract\u00e8re personnel sont factuellement incorrectes, incompl\u00e8tes ou non pertinentes au regard de la finalit\u00e9 pour laquelle elles sont trait\u00e9es ou si elles sont trait\u00e9es en violation d&rsquo;une exigence du \u00a0\u00bb Wbp \u00a0\u00bb ou de toute autre loi.<\/p>\n<h2>S\u00e9curit\u00e9 des donn\u00e9es personnelles<\/h2>\n<p>Exposure Systems Nederland BV a pris les mesures techniques et organisationnelles appropri\u00e9es, conform\u00e9ment aux normes technologiques, pour emp\u00eacher la perte de donn\u00e9es ou le traitement ill\u00e9gal.<\/p>\n<h2>Cookies<\/h2>\n<p>Exposure Systems Nederland BV peut utiliser des cookies. Un cookie est un petit fichier texte plac\u00e9 sur votre appareil (mobile) qui stocke des informations sur votre utilisation du site web. Exposure Systems Nederland BV utilise \u00e9galement des cookies pour stocker des donn\u00e9es personnelles lorsque vous utilisez le site web. La plupart des navigateurs vous permettent de refuser l&rsquo;utilisation de cookies ou vous demandent la permission chaque fois qu&rsquo;un serveur veut placer un cookie sur votre ordinateur. Si vous n&rsquo;autorisez pas l&rsquo;installation de cookies, la convivialit\u00e9 du site web peut \u00eatre affect\u00e9e ou certaines parties du site peuvent ne pas vous \u00eatre accessibles.<\/p>\n<h2>Modifier la d\u00e9claration de confidentialit\u00e9<\/h2>\n<p>Des modifications peuvent \u00eatre apport\u00e9es \u00e0 la pr\u00e9sente d\u00e9claration de confidentialit\u00e9. La pr\u00e9sente d\u00e9claration de confidentialit\u00e9 est publi\u00e9e sur le site web www.exposure-systems.com. Cette version est valable \u00e0 partir du 28 avril 2023.<\/p>\n\t\t\t\t\t\t\t\t<\/div>\n\t\t\t\t<\/div>\n\t\t\t\t<div class=\"elementor-element elementor-element-4c00d97 elementor-widget elementor-widget-spacer\" data-id=\"4c00d97\" data-element_type=\"widget\" data-e-type=\"widget\" data-widget_type=\"spacer.default\">\n\t\t\t\t<div class=\"elementor-widget-container\">\n\t\t\t\t\t\t\t<div class=\"elementor-spacer\">\n\t\t\t<div class=\"elementor-spacer-inner\"><\/div>\n\t\t<\/div>\n\t\t\t\t\t\t<\/div>\n\t\t\t\t<\/div>\n\t\t\t\t\t<\/div>\n\t\t<\/div>\n\t\t\t\t\t<\/div>\n\t\t<\/section>\n\t\t\t\t<\/div>\n\t\t","protected":false},"excerpt":{"rendered":"<p>Politique de retour Les articles achet\u00e9s chez Exposure Systems peuvent, dans la plupart des cas, \u00eatre retourn\u00e9s dans les 30 jours suivant leur r\u00e9ception. Pendant cette p\u00e9riode, vous pouvez essayer et \u00e9valuer les produits comme vous le feriez dans un magasin physique. Lorsque vous souhaitez retourner un produit, celui-ci doit \u00eatre dans le m\u00eame \u00e9tat [&hellip;]<\/p>\n","protected":false},"author":1,"featured_media":0,"parent":0,"menu_order":0,"comment_status":"closed","ping_status":"closed","template":"","meta":{"site-sidebar-layout":"default","site-content-layout":"default","ast-site-content-layout":"default","site-content-style":"default","site-sidebar-style":"default","ast-global-header-display":"","ast-banner-title-visibility":"","ast-main-header-display":"","ast-hfb-above-header-display":"","ast-hfb-below-header-display":"","ast-hfb-mobile-header-display":"","site-post-title":"disabled","ast-breadcrumbs-content":"","ast-featured-img":"","footer-sml-layout":"","ast-disable-related-posts":"","theme-transparent-header-meta":"default","adv-header-id-meta":"","stick-header-meta":"","header-above-stick-meta":"","header-main-stick-meta":"","header-below-stick-meta":"","astra-migrate-meta-layouts":"default","ast-page-background-enabled":"default","ast-page-background-meta":{"desktop":{"background-color":"var(--ast-global-color-4)","background-image":"","background-repeat":"repeat","background-position":"center center","background-size":"auto","background-attachment":"scroll","background-type":"","background-media":"","overlay-type":"","overlay-color":"","overlay-opacity":"","overlay-gradient":""},"tablet":{"background-color":"","background-image":"","background-repeat":"repeat","background-position":"center center","background-size":"auto","background-attachment":"scroll","background-type":"","background-media":"","overlay-type":"","overlay-color":"","overlay-opacity":"","overlay-gradient":""},"mobile":{"background-color":"","background-image":"","background-repeat":"repeat","background-position":"center center","background-size":"auto","background-attachment":"scroll","background-type":"","background-media":"","overlay-type":"","overlay-color":"","overlay-opacity":"","overlay-gradient":""}},"ast-content-background-meta":{"desktop":{"background-color":"var(--ast-global-color-5)","background-image":"","background-repeat":"repeat","background-position":"center center","background-size":"auto","background-attachment":"scroll","background-type":"","background-media":"","overlay-type":"","overlay-color":"","overlay-opacity":"","overlay-gradient":""},"tablet":{"background-color":"var(--ast-global-color-5)","background-image":"","background-repeat":"repeat","background-position":"center center","background-size":"auto","background-attachment":"scroll","background-type":"","background-media":"","overlay-type":"","overlay-color":"","overlay-opacity":"","overlay-gradient":""},"mobile":{"background-color":"var(--ast-global-color-5)","background-image":"","background-repeat":"repeat","background-position":"center center","background-size":"auto","background-attachment":"scroll","background-type":"","background-media":"","overlay-type":"","overlay-color":"","overlay-opacity":"","overlay-gradient":""}},"footnotes":""},"class_list":["post-1050","page","type-page","status-publish","hentry"],"_links":{"self":[{"href":"https:\/\/exposure-systems.com\/fr\/wp-json\/wp\/v2\/pages\/1050","targetHints":{"allow":["GET"]}}],"collection":[{"href":"https:\/\/exposure-systems.com\/fr\/wp-json\/wp\/v2\/pages"}],"about":[{"href":"https:\/\/exposure-systems.com\/fr\/wp-json\/wp\/v2\/types\/page"}],"author":[{"embeddable":true,"href":"https:\/\/exposure-systems.com\/fr\/wp-json\/wp\/v2\/users\/1"}],"replies":[{"embeddable":true,"href":"https:\/\/exposure-systems.com\/fr\/wp-json\/wp\/v2\/comments?post=1050"}],"version-history":[{"count":1,"href":"https:\/\/exposure-systems.com\/fr\/wp-json\/wp\/v2\/pages\/1050\/revisions"}],"predecessor-version":[{"id":1053,"href":"https:\/\/exposure-systems.com\/fr\/wp-json\/wp\/v2\/pages\/1050\/revisions\/1053"}],"wp:attachment":[{"href":"https:\/\/exposure-systems.com\/fr\/wp-json\/wp\/v2\/media?parent=1050"}],"curies":[{"name":"wp","href":"https:\/\/api.w.org\/{rel}","templated":true}]}}