{"id":1046,"date":"2023-07-25T13:00:03","date_gmt":"2023-07-25T13:00:03","guid":{"rendered":"https:\/\/2023.exposure-systems.com\/politica-de-devoluciones\/"},"modified":"2023-07-25T14:43:46","modified_gmt":"2023-07-25T14:43:46","slug":"politica-de-devoluciones","status":"publish","type":"page","link":"https:\/\/exposure-systems.com\/es\/politica-de-devoluciones\/","title":{"rendered":"Pol\u00edtica de devoluciones"},"content":{"rendered":"\t\t<div data-elementor-type=\"wp-page\" data-elementor-id=\"1046\" class=\"elementor elementor-1046 elementor-339\" data-elementor-post-type=\"page\">\n\t\t\t\t\t\t<section class=\"elementor-section elementor-top-section elementor-element elementor-element-81caa6d elementor-section-boxed elementor-section-height-default elementor-section-height-default\" data-id=\"81caa6d\" data-element_type=\"section\" data-e-type=\"section\">\n\t\t\t\t\t\t<div class=\"elementor-container elementor-column-gap-default\">\n\t\t\t\t\t<div class=\"elementor-column elementor-col-100 elementor-top-column elementor-element elementor-element-2cbab3d\" data-id=\"2cbab3d\" data-element_type=\"column\" data-e-type=\"column\">\n\t\t\t<div class=\"elementor-widget-wrap elementor-element-populated\">\n\t\t\t\t\t\t<div class=\"elementor-element elementor-element-553d5ff elementor-widget elementor-widget-template\" data-id=\"553d5ff\" data-element_type=\"widget\" data-e-type=\"widget\" data-widget_type=\"template.default\">\n\t\t\t\t<div class=\"elementor-widget-container\">\n\t\t\t\t\t\t\t<div class=\"elementor-template\">\n\t\t\t\t\t<div data-elementor-type=\"section\" data-elementor-id=\"1266\" class=\"elementor elementor-1266 elementor-200 elementor-200\" data-elementor-post-type=\"elementor_library\">\n\t\t\t\t\t<section class=\"elementor-section elementor-top-section elementor-element elementor-element-929b71b elementor-section-boxed elementor-section-height-default elementor-section-height-default\" data-id=\"929b71b\" data-element_type=\"section\" data-e-type=\"section\">\n\t\t\t\t\t\t<div class=\"elementor-container elementor-column-gap-default\">\n\t\t\t\t\t<div class=\"elementor-column elementor-col-100 elementor-top-column elementor-element elementor-element-cd15f87\" data-id=\"cd15f87\" data-element_type=\"column\" data-e-type=\"column\">\n\t\t\t<div class=\"elementor-widget-wrap elementor-element-populated\">\n\t\t\t\t\t\t<div class=\"elementor-element elementor-element-68810a6 uael-heading-align-left elementor-widget elementor-widget-uael-table-of-contents\" data-id=\"68810a6\" data-element_type=\"widget\" data-e-type=\"widget\" data-settings=\"{&quot;toc_icon_size&quot;:{&quot;unit&quot;:&quot;px&quot;,&quot;size&quot;:20,&quot;sizes&quot;:[]},&quot;toc_icon_size_tablet&quot;:{&quot;unit&quot;:&quot;px&quot;,&quot;size&quot;:&quot;&quot;,&quot;sizes&quot;:[]},&quot;toc_icon_size_mobile&quot;:{&quot;unit&quot;:&quot;px&quot;,&quot;size&quot;:&quot;&quot;,&quot;sizes&quot;:[]},&quot;heading_text_align&quot;:&quot;left&quot;,&quot;heading_bottom_space&quot;:{&quot;unit&quot;:&quot;px&quot;,&quot;size&quot;:&quot;&quot;,&quot;sizes&quot;:[]},&quot;heading_bottom_space_tablet&quot;:{&quot;unit&quot;:&quot;px&quot;,&quot;size&quot;:&quot;&quot;,&quot;sizes&quot;:[]},&quot;heading_bottom_space_mobile&quot;:{&quot;unit&quot;:&quot;px&quot;,&quot;size&quot;:&quot;&quot;,&quot;sizes&quot;:[]},&quot;separator_bottom_space&quot;:{&quot;unit&quot;:&quot;px&quot;,&quot;size&quot;:&quot;&quot;,&quot;sizes&quot;:[]},&quot;separator_bottom_space_tablet&quot;:{&quot;unit&quot;:&quot;px&quot;,&quot;size&quot;:&quot;&quot;,&quot;sizes&quot;:[]},&quot;separator_bottom_space_mobile&quot;:{&quot;unit&quot;:&quot;px&quot;,&quot;size&quot;:&quot;&quot;,&quot;sizes&quot;:[]},&quot;content_between_space&quot;:{&quot;unit&quot;:&quot;px&quot;,&quot;size&quot;:15,&quot;sizes&quot;:[]},&quot;content_between_space_tablet&quot;:{&quot;unit&quot;:&quot;px&quot;,&quot;size&quot;:&quot;&quot;,&quot;sizes&quot;:[]},&quot;content_between_space_mobile&quot;:{&quot;unit&quot;:&quot;px&quot;,&quot;size&quot;:&quot;&quot;,&quot;sizes&quot;:[]}}\" data-widget_type=\"uael-table-of-contents.default\">\n\t\t\t\t<div class=\"elementor-widget-container\">\n\t\t\t\t\t\t\t<div class=\"uael-toc-main-wrapper uael-toc-auto-collapse\" data-headings=\"h1,h2,h3\" >\n\t\t\t<div class=\"uael-toc-wrapper\">\n\t\t\t\t<div class=\"uael-toc-header\">\n\t\t\t\t\t<span class=\"uael-toc-heading elementor-inline-editing\" data-elementor-setting-key=\"heading_title\" data-elementor-inline-editing-toolbar=\"basic\" >Contenido de la p\u00e1gina<\/span>\n\t\t\t\t\t\t\t\t\t\t\t<div class=\"uael-toc-switch\" data-hideshow=\"yes\" data-is-collapsible=\"yes\">\n\t\t\t\t\t\t\t<span class=\"uael-icon fa\"><\/span>\n\t\t\t\t\t\t<\/div>\n\t\t\t\t\t\t\t\t\t<\/div>\n\t\t\t\t\t\t\t\t<div class=\"uael-toc-toggle-content\">\n\t\t\t\t\t<div class=\"uael-toc-content-wrapper\">\n\t\t\t\t\t\t\n\t\t\t\t\t\t\t<ul data-toc-headings=\"headings\" class=\"uael-toc-list uael-toc-list-disc\" data-scroll=\"\" ><\/ul>\n\t\t\t\t\t\t\t\t\t\t\t<\/div>\n\t\t\t\t<\/div>\n\t\t\t\t<div class=\"uael-toc-empty-note\">\n\t\t\t\t\t<span>Agrega un encabezado para comenzar a generar la tabla de contenidos<\/span>\n\t\t\t\t<\/div>\n\t\t\t<\/div>\n\t\t\t\t\t<\/div>\n\t\t\t\t\t\t<\/div>\n\t\t\t\t<\/div>\n\t\t\t\t\t<\/div>\n\t\t<\/div>\n\t\t\t\t\t<\/div>\n\t\t<\/section>\n\t\t\t\t<\/div>\n\t\t\t\t<\/div>\n\t\t\t\t\t\t<\/div>\n\t\t\t\t<\/div>\n\t\t\t\t\t<\/div>\n\t\t<\/div>\n\t\t\t\t\t<\/div>\n\t\t<\/section>\n\t\t\t\t<section class=\"elementor-section elementor-top-section elementor-element elementor-element-1a5938e3 elementor-section-boxed elementor-section-height-default elementor-section-height-default\" data-id=\"1a5938e3\" data-element_type=\"section\" data-e-type=\"section\">\n\t\t\t\t\t\t<div class=\"elementor-container elementor-column-gap-default\">\n\t\t\t\t\t<div class=\"elementor-column elementor-col-100 elementor-top-column elementor-element elementor-element-8b5b9a8\" data-id=\"8b5b9a8\" data-element_type=\"column\" data-e-type=\"column\">\n\t\t\t<div class=\"elementor-widget-wrap elementor-element-populated\">\n\t\t\t\t\t\t<div class=\"elementor-element elementor-element-4fac90af elementor-widget elementor-widget-heading\" data-id=\"4fac90af\" data-element_type=\"widget\" data-e-type=\"widget\" data-widget_type=\"heading.default\">\n\t\t\t\t<div class=\"elementor-widget-container\">\n\t\t\t\t\t<h1 class=\"elementor-heading-title elementor-size-default\">Pol\u00edtica de devoluciones<\/h1>\t\t\t\t<\/div>\n\t\t\t\t<\/div>\n\t\t\t\t<div class=\"elementor-element elementor-element-1d16ef9 elementor-widget elementor-widget-text-editor\" data-id=\"1d16ef9\" data-element_type=\"widget\" data-e-type=\"widget\" data-widget_type=\"text-editor.default\">\n\t\t\t\t<div class=\"elementor-widget-container\">\n\t\t\t\t\t\t\t\t\t<section class=\"elementor-section elementor-top-section elementor-element elementor-element-42e88cd elementor-section-boxed elementor-section-height-default elementor-section-height-default\" data-id=\"42e88cd\" data-element_type=\"section\">\n<div class=\"elementor-container elementor-column-gap-default\">\n<div class=\"elementor-row\">\n<div class=\"elementor-column elementor-col-100 elementor-top-column elementor-element elementor-element-6106f91\" data-id=\"6106f91\" data-element_type=\"column\">\n<div class=\"elementor-column-wrap elementor-element-populated\">\n<div class=\"elementor-widget-wrap\">\n<div class=\"elementor-element elementor-element-ebbd26e elementor-widget elementor-widget-text-editor\" data-id=\"ebbd26e\" data-element_type=\"widget\" data-widget_type=\"text-editor.default\">\n<div class=\"elementor-widget-container\">\n<div class=\"elementor-text-editor elementor-clearfix\">\n<div class=\"page\" title=\"P\u00e1gina 1\">\n<div class=\"layoutArea\">\n<div class=\"column\">\n<p>Los art\u00edculos adquiridos en Exposure Systems pueden devolverse, en la mayor\u00eda de los casos, en los 30 d\u00edas siguientes a su recepci\u00f3n. Durante este periodo, puede probar y revisar los productos como lo har\u00eda en una tienda f\u00edsica. Cuando desee devolver un producto, \u00e9ste debe estar en las mismas condiciones que cuando lo recibi\u00f3, sin ning\u00fan da\u00f1o. Puede sacar los productos de sus envases a menos que \u00e9stos est\u00e9n precintados.<\/p>\n<p>Si decide devolver productos, le rogamos que nos lo notifique con antelaci\u00f3n rellenando el formulario de devoluci\u00f3n de nuestra p\u00e1gina web o utilizando el formulario de desistimiento que encontrar\u00e1 m\u00e1s abajo. Tambi\u00e9n puede notific\u00e1rnoslo enviando un correo electr\u00f3nico a: info@exposure-systems.com. Tenga en cuenta que debe devolver los productos en un plazo de 14 d\u00edas tras informarnos.<\/p>\n<h2>Tramitaci\u00f3n de su devoluci\u00f3n<\/h2>\n<p>Cuando recibamos su env\u00edo de devoluci\u00f3n, nos pondremos manos a la obra para evaluar los art\u00edculos devueltos y tramitar su reembolso. El dinero se reembolsar\u00e1 de acuerdo con el m\u00e9todo de pago original que utiliz\u00f3 durante la compra, a menos que se solicite lo contrario. El importe se reembolsar\u00e1 en un plazo de 5 d\u00edas. Correremos con los gastos de env\u00edo de la devoluci\u00f3n.<\/p>\n<h2>Art\u00edculos que no pueden devolverse<\/h2>\n<h4>Los siguientes tipos de art\u00edculos no pueden devolverse:<\/h4>\n<ul>\n<li>Productos hechos a medida seg\u00fan las especificaciones del comprador, como: marco(s) de aluminio distinto(s) de los formatos est\u00e1ndar ofrecidos, impresi\u00f3n(es) adjunta(s) recortada(s) al formato deseado y material de imagen cargado por los propios clientes seg\u00fan las especificaciones.<\/li>\n<\/ul>\n<\/div>\n<\/div>\n<\/div>\n<\/div>\n<\/div>\n<\/div>\n<\/div>\n<\/div>\n<\/div>\n<\/div>\n<\/div>\n<\/section>\n<section class=\"elementor-section elementor-top-section elementor-element elementor-element-08536d8 elementor-section-boxed elementor-section-height-default elementor-section-height-default\" data-id=\"08536d8\" data-element_type=\"section\">\n<div class=\"elementor-container elementor-column-gap-default\">\n<div class=\"elementor-row\">\n<div class=\"elementor-column elementor-col-100 elementor-top-column elementor-element elementor-element-8bc9b6f\" data-id=\"8bc9b6f\" data-element_type=\"column\">\n<div class=\"elementor-column-wrap elementor-element-populated\">\n<div class=\"elementor-widget-wrap\">\n<div class=\"elementor-element elementor-element-6dfdc4d elementor-widget elementor-widget-text-editor\" data-id=\"6dfdc4d\" data-element_type=\"widget\" data-widget_type=\"text-editor.default\">\n<div class=\"elementor-widget-container\">\n<div class=\"elementor-text-editor elementor-clearfix\">\n<h3>Rellene nuestro <a href=\"\/wp-content\/uploads\/2023\/07\/Retourbeleid-Exposure-Systems.pdf\">formulario de desistimiento<\/a> para devolver los art\u00edculos que cumplan las condiciones anteriores.<\/h3>\n<\/div>\n<\/div>\n<\/div>\n<\/div>\n<\/div>\n<\/div>\n<\/div>\n<\/div>\n<\/section>\n\t\t\t\t\t\t\t\t<\/div>\n\t\t\t\t<\/div>\n\t\t\t\t<div class=\"elementor-element elementor-element-d81fed3 elementor-widget elementor-widget-text-editor\" data-id=\"d81fed3\" data-element_type=\"widget\" data-e-type=\"widget\" data-widget_type=\"text-editor.default\">\n\t\t\t\t<div class=\"elementor-widget-container\">\n\t\t\t\t\t\t\t\t\t<p>Sus datos personales tambi\u00e9n podr\u00e1n ser tratados cuando est\u00e9 justificado:<\/p>\n<ul>\n<li>En inter\u00e9s de la seguridad del Estado;<\/li>\n<li>Prevenir, detectar y perseguir delitos penales;<\/li>\n<li>Por importantes intereses econ\u00f3micos y financieros del Estado y otros organismos p\u00fablicos<\/li>\n<li>Proteger los derechos y libertades de los dem\u00e1s;<\/li>\n<li>Controlar el cumplimiento de los requisitos legales establecidos para la investigaci\u00f3n y persecuci\u00f3n de delitos penales o de importantes intereses econ\u00f3micos y financieros del Estado y otros organismos p\u00fablicos.<\/li>\n<\/ul>\n<h2>Periodo de conservaci\u00f3n<\/h2>\n<p>Sus datos personales no se conservar\u00e1n m\u00e1s tiempo del necesario para los fines para los que los recopilamos o procesamos. Sus datos personales no se conservar\u00e1n durante m\u00e1s de dos a\u00f1os, a menos que sea necesario conservar sus datos durante m\u00e1s tiempo para cumplir con una obligaci\u00f3n legal de conservaci\u00f3n de Exposure Systems Nederland BV.<\/p>\n<h2>Destinatarios de sus datos<\/h2>\n<p>Sus datos personales ser\u00e1n facilitados por nosotros a las siguientes categor\u00edas de destinatarios:<\/p>\n<p>o Los encargados o necesariamente implicados en la ejecuci\u00f3n del acuerdo.<\/p>\n<p>o Los encargados o necesariamente implicados en la comunicaci\u00f3n con el usuario.<\/p>\n<p>o Otros, si el usuario ha dado su consentimiento inequ\u00edvoco al tratamiento de los datos.<\/p>\n<p>o Otros, si el tratamiento de datos es necesario para el cumplimiento de un deber legal por parte de Exposure Systems Nederland BV;<\/p>\n<p>o Otros, si los datos se procesan (exclusivamente) con fines estad\u00edsticos o hist\u00f3ricos.<\/p>\n<p>Los datos facilitados a estos destinatarios se eliminar\u00e1n a petici\u00f3n del usuario o, a m\u00e1s tardar, un a\u00f1o despu\u00e9s de que finalice la relaci\u00f3n entre Exposure Systems Nederland BV y estos destinatarios.<\/p>\n<h2>Transferencia a otros pa\u00edses<\/h2>\n<p>Sus datos personales no se transferir\u00e1n a pa\u00edses fuera de Europa.<\/p>\n<h2>Oposici\u00f3n y correcci\u00f3n<\/h2>\n<p>Puede oponerse al uso de sus datos personales con fines de marketing directo de forma gratuita y sin indicar los motivos enviando un correo electr\u00f3nico a <a href=\"mailto:info@exposure-systems.com\">info@exposure-systems.com<\/a>. <\/p>\n<p>Exposure Systems Nederland BV pondr\u00e1 fin al uso a la primera solicitud. En todos los dem\u00e1s casos, puede oponerse al tratamiento debido a circunstancias personales especiales enviando un correo electr\u00f3nico a <a href=\"mailto:info@exposure-systems.com\">info@exposure-systems.com<\/a>.<\/p>\n<p>Exposure Systems Nederland BV evaluar\u00e1 si la objeci\u00f3n est\u00e1 justificada en un plazo de cuatro semanas a partir de la recepci\u00f3n de la misma. En ese caso, Exposure Systems Nederland BV pondr\u00e1 fin al tratamiento. Por una objeci\u00f3n infundada, Exposure Systems Nederland BV podr\u00e1 cobrar una tasa seg\u00fan lo establecido en el \u00abDecreto sobre el reembolso de los gastos incurridos por los interesados\u00bb \u00abWbp\u00bb &#8216;.<\/p>\n<p>Si sus datos personales son incorrectos, puede solicitar a Exposure Systems Nederland BV que los corrija enviando un correo electr\u00f3nico a <a href=\"mailto:info@exposure-systems.com\">info@exposure-systems.com<\/a>.<\/p>\n<p>Exposure Systems Nederland BV le comunicar\u00e1 en un plazo de cuatro semanas por correo electr\u00f3nico en qu\u00e9 medida puede atender su solicitud de rectificaci\u00f3n. La rectificaci\u00f3n tendr\u00e1 lugar si los datos personales son materialmente incorrectos, incompletos o irrelevantes para el fin para el que se procesan o se procesan de otro modo infringiendo un requisito de la \u00bb Wbp \u00bb o cualquier otra ley.<\/p>\n<h2>Seguridad de los datos personales<\/h2>\n<p>Exposure Systems Nederland BV ha adoptado las medidas t\u00e9cnicas y organizativas apropiadas de acuerdo con los est\u00e1ndares de la tecnolog\u00eda para evitar la p\u00e9rdida de datos o su tratamiento il\u00edcito.<\/p>\n<h2>Cookies<\/h2>\n<p>Exposure Systems Nederland BV puede utilizar cookies. Una cookie es un peque\u00f1o archivo de texto que se coloca en su dispositivo (m\u00f3vil) y que almacena informaci\u00f3n sobre su uso del sitio web. Exposure Systems Nederland BV tambi\u00e9n utiliza cookies para almacenar datos personales cuando usted utiliza el sitio web. La mayor\u00eda de los navegadores le permiten rechazar el uso de cookies o le piden permiso cada vez que un servidor quiere colocar una cookie en su ordenador. Si no permite que se instalen cookies, la facilidad de uso del sitio web puede verse afectada o es posible que no pueda acceder a determinadas partes del sitio.<\/p>\n<h2>Cambiar la declaraci\u00f3n de privacidad<\/h2>\n<p>Es posible que se realicen cambios en esta Declaraci\u00f3n de Privacidad. Esta Declaraci\u00f3n de Privacidad est\u00e1 publicada en la p\u00e1gina web www.exposure-systems.com. Esta versi\u00f3n es del 28 de abril de 2023.<\/p>\n\t\t\t\t\t\t\t\t<\/div>\n\t\t\t\t<\/div>\n\t\t\t\t<div class=\"elementor-element elementor-element-4c00d97 elementor-widget elementor-widget-spacer\" data-id=\"4c00d97\" data-element_type=\"widget\" data-e-type=\"widget\" data-widget_type=\"spacer.default\">\n\t\t\t\t<div class=\"elementor-widget-container\">\n\t\t\t\t\t\t\t<div class=\"elementor-spacer\">\n\t\t\t<div class=\"elementor-spacer-inner\"><\/div>\n\t\t<\/div>\n\t\t\t\t\t\t<\/div>\n\t\t\t\t<\/div>\n\t\t\t\t\t<\/div>\n\t\t<\/div>\n\t\t\t\t\t<\/div>\n\t\t<\/section>\n\t\t\t\t<\/div>\n\t\t","protected":false},"excerpt":{"rendered":"<p>Pol\u00edtica de devoluciones Los art\u00edculos adquiridos en Exposure Systems pueden devolverse, en la mayor\u00eda de los casos, en los 30 d\u00edas siguientes a su recepci\u00f3n. Durante este periodo, puede probar y revisar los productos como lo har\u00eda en una tienda f\u00edsica. Cuando desee devolver un producto, \u00e9ste debe estar en las mismas condiciones que cuando [&hellip;]<\/p>\n","protected":false},"author":1,"featured_media":0,"parent":0,"menu_order":0,"comment_status":"closed","ping_status":"closed","template":"","meta":{"site-sidebar-layout":"default","site-content-layout":"default","ast-site-content-layout":"default","site-content-style":"default","site-sidebar-style":"default","ast-global-header-display":"","ast-banner-title-visibility":"","ast-main-header-display":"","ast-hfb-above-header-display":"","ast-hfb-below-header-display":"","ast-hfb-mobile-header-display":"","site-post-title":"disabled","ast-breadcrumbs-content":"","ast-featured-img":"","footer-sml-layout":"","ast-disable-related-posts":"","theme-transparent-header-meta":"default","adv-header-id-meta":"","stick-header-meta":"","header-above-stick-meta":"","header-main-stick-meta":"","header-below-stick-meta":"","astra-migrate-meta-layouts":"default","ast-page-background-enabled":"default","ast-page-background-meta":{"desktop":{"background-color":"var(--ast-global-color-4)","background-image":"","background-repeat":"repeat","background-position":"center center","background-size":"auto","background-attachment":"scroll","background-type":"","background-media":"","overlay-type":"","overlay-color":"","overlay-opacity":"","overlay-gradient":""},"tablet":{"background-color":"","background-image":"","background-repeat":"repeat","background-position":"center center","background-size":"auto","background-attachment":"scroll","background-type":"","background-media":"","overlay-type":"","overlay-color":"","overlay-opacity":"","overlay-gradient":""},"mobile":{"background-color":"","background-image":"","background-repeat":"repeat","background-position":"center center","background-size":"auto","background-attachment":"scroll","background-type":"","background-media":"","overlay-type":"","overlay-color":"","overlay-opacity":"","overlay-gradient":""}},"ast-content-background-meta":{"desktop":{"background-color":"var(--ast-global-color-5)","background-image":"","background-repeat":"repeat","background-position":"center center","background-size":"auto","background-attachment":"scroll","background-type":"","background-media":"","overlay-type":"","overlay-color":"","overlay-opacity":"","overlay-gradient":""},"tablet":{"background-color":"var(--ast-global-color-5)","background-image":"","background-repeat":"repeat","background-position":"center center","background-size":"auto","background-attachment":"scroll","background-type":"","background-media":"","overlay-type":"","overlay-color":"","overlay-opacity":"","overlay-gradient":""},"mobile":{"background-color":"var(--ast-global-color-5)","background-image":"","background-repeat":"repeat","background-position":"center center","background-size":"auto","background-attachment":"scroll","background-type":"","background-media":"","overlay-type":"","overlay-color":"","overlay-opacity":"","overlay-gradient":""}},"footnotes":""},"class_list":["post-1046","page","type-page","status-publish","hentry"],"_links":{"self":[{"href":"https:\/\/exposure-systems.com\/es\/wp-json\/wp\/v2\/pages\/1046","targetHints":{"allow":["GET"]}}],"collection":[{"href":"https:\/\/exposure-systems.com\/es\/wp-json\/wp\/v2\/pages"}],"about":[{"href":"https:\/\/exposure-systems.com\/es\/wp-json\/wp\/v2\/types\/page"}],"author":[{"embeddable":true,"href":"https:\/\/exposure-systems.com\/es\/wp-json\/wp\/v2\/users\/1"}],"replies":[{"embeddable":true,"href":"https:\/\/exposure-systems.com\/es\/wp-json\/wp\/v2\/comments?post=1046"}],"version-history":[{"count":1,"href":"https:\/\/exposure-systems.com\/es\/wp-json\/wp\/v2\/pages\/1046\/revisions"}],"predecessor-version":[{"id":1049,"href":"https:\/\/exposure-systems.com\/es\/wp-json\/wp\/v2\/pages\/1046\/revisions\/1049"}],"wp:attachment":[{"href":"https:\/\/exposure-systems.com\/es\/wp-json\/wp\/v2\/media?parent=1046"}],"curies":[{"name":"wp","href":"https:\/\/api.w.org\/{rel}","templated":true}]}}