{"id":1001,"date":"2023-07-25T13:00:03","date_gmt":"2023-07-25T13:00:03","guid":{"rendered":"https:\/\/2023.exposure-systems.com\/rueckgaberecht\/"},"modified":"2023-07-25T14:43:32","modified_gmt":"2023-07-25T14:43:32","slug":"rueckgaberecht","status":"publish","type":"page","link":"https:\/\/exposure-systems.com\/de\/rueckgaberecht\/","title":{"rendered":"R\u00fcckgaberecht"},"content":{"rendered":"\t\t<div data-elementor-type=\"wp-page\" data-elementor-id=\"1001\" class=\"elementor elementor-1001 elementor-339\" data-elementor-post-type=\"page\">\n\t\t\t\t\t\t<section class=\"elementor-section elementor-top-section elementor-element elementor-element-81caa6d elementor-section-boxed elementor-section-height-default elementor-section-height-default\" data-id=\"81caa6d\" data-element_type=\"section\" data-e-type=\"section\">\n\t\t\t\t\t\t<div class=\"elementor-container elementor-column-gap-default\">\n\t\t\t\t\t<div class=\"elementor-column elementor-col-100 elementor-top-column elementor-element elementor-element-2cbab3d\" data-id=\"2cbab3d\" data-element_type=\"column\" data-e-type=\"column\">\n\t\t\t<div class=\"elementor-widget-wrap elementor-element-populated\">\n\t\t\t\t\t\t<div class=\"elementor-element elementor-element-553d5ff elementor-widget elementor-widget-template\" data-id=\"553d5ff\" data-element_type=\"widget\" data-e-type=\"widget\" data-widget_type=\"template.default\">\n\t\t\t\t<div class=\"elementor-widget-container\">\n\t\t\t\t\t\t\t<div class=\"elementor-template\">\n\t\t\t\t\t<div data-elementor-type=\"section\" data-elementor-id=\"1242\" class=\"elementor elementor-1242 elementor-200 elementor-200\" data-elementor-post-type=\"elementor_library\">\n\t\t\t\t\t<section class=\"elementor-section elementor-top-section elementor-element elementor-element-929b71b elementor-section-boxed elementor-section-height-default elementor-section-height-default\" data-id=\"929b71b\" data-element_type=\"section\" data-e-type=\"section\">\n\t\t\t\t\t\t<div class=\"elementor-container elementor-column-gap-default\">\n\t\t\t\t\t<div class=\"elementor-column elementor-col-100 elementor-top-column elementor-element elementor-element-cd15f87\" data-id=\"cd15f87\" data-element_type=\"column\" data-e-type=\"column\">\n\t\t\t<div class=\"elementor-widget-wrap elementor-element-populated\">\n\t\t\t\t\t\t<div class=\"elementor-element elementor-element-68810a6 uael-heading-align-left elementor-widget elementor-widget-uael-table-of-contents\" data-id=\"68810a6\" data-element_type=\"widget\" data-e-type=\"widget\" data-settings=\"{&quot;toc_icon_size&quot;:{&quot;unit&quot;:&quot;px&quot;,&quot;size&quot;:20,&quot;sizes&quot;:[]},&quot;toc_icon_size_tablet&quot;:{&quot;unit&quot;:&quot;px&quot;,&quot;size&quot;:&quot;&quot;,&quot;sizes&quot;:[]},&quot;toc_icon_size_mobile&quot;:{&quot;unit&quot;:&quot;px&quot;,&quot;size&quot;:&quot;&quot;,&quot;sizes&quot;:[]},&quot;heading_text_align&quot;:&quot;left&quot;,&quot;heading_bottom_space&quot;:{&quot;unit&quot;:&quot;px&quot;,&quot;size&quot;:&quot;&quot;,&quot;sizes&quot;:[]},&quot;heading_bottom_space_tablet&quot;:{&quot;unit&quot;:&quot;px&quot;,&quot;size&quot;:&quot;&quot;,&quot;sizes&quot;:[]},&quot;heading_bottom_space_mobile&quot;:{&quot;unit&quot;:&quot;px&quot;,&quot;size&quot;:&quot;&quot;,&quot;sizes&quot;:[]},&quot;separator_bottom_space&quot;:{&quot;unit&quot;:&quot;px&quot;,&quot;size&quot;:&quot;&quot;,&quot;sizes&quot;:[]},&quot;separator_bottom_space_tablet&quot;:{&quot;unit&quot;:&quot;px&quot;,&quot;size&quot;:&quot;&quot;,&quot;sizes&quot;:[]},&quot;separator_bottom_space_mobile&quot;:{&quot;unit&quot;:&quot;px&quot;,&quot;size&quot;:&quot;&quot;,&quot;sizes&quot;:[]},&quot;content_between_space&quot;:{&quot;unit&quot;:&quot;px&quot;,&quot;size&quot;:15,&quot;sizes&quot;:[]},&quot;content_between_space_tablet&quot;:{&quot;unit&quot;:&quot;px&quot;,&quot;size&quot;:&quot;&quot;,&quot;sizes&quot;:[]},&quot;content_between_space_mobile&quot;:{&quot;unit&quot;:&quot;px&quot;,&quot;size&quot;:&quot;&quot;,&quot;sizes&quot;:[]}}\" data-widget_type=\"uael-table-of-contents.default\">\n\t\t\t\t<div class=\"elementor-widget-container\">\n\t\t\t\t\t\t\t<div class=\"uael-toc-main-wrapper uael-toc-auto-collapse\" data-headings=\"h1,h2,h3\" >\n\t\t\t<div class=\"uael-toc-wrapper\">\n\t\t\t\t<div class=\"uael-toc-header\">\n\t\t\t\t\t<span class=\"uael-toc-heading elementor-inline-editing\" data-elementor-setting-key=\"heading_title\" data-elementor-inline-editing-toolbar=\"basic\" >Seite Inhalt<\/span>\n\t\t\t\t\t\t\t\t\t\t\t<div class=\"uael-toc-switch\" data-hideshow=\"yes\" data-is-collapsible=\"yes\">\n\t\t\t\t\t\t\t<span class=\"uael-icon fa\"><\/span>\n\t\t\t\t\t\t<\/div>\n\t\t\t\t\t\t\t\t\t<\/div>\n\t\t\t\t\t\t\t\t<div class=\"uael-toc-toggle-content\">\n\t\t\t\t\t<div class=\"uael-toc-content-wrapper\">\n\t\t\t\t\t\t\n\t\t\t\t\t\t\t<ul data-toc-headings=\"headings\" class=\"uael-toc-list uael-toc-list-disc\" data-scroll=\"\" ><\/ul>\n\t\t\t\t\t\t\t\t\t\t\t<\/div>\n\t\t\t\t<\/div>\n\t\t\t\t<div class=\"uael-toc-empty-note\">\n\t\t\t\t\t<span>F\u00fcgen Sie eine \u00dcberschrift hinzu, um mit der Erstellung des Inhaltsverzeichnisses zu beginnen<\/span>\n\t\t\t\t<\/div>\n\t\t\t<\/div>\n\t\t\t\t\t<\/div>\n\t\t\t\t\t\t<\/div>\n\t\t\t\t<\/div>\n\t\t\t\t\t<\/div>\n\t\t<\/div>\n\t\t\t\t\t<\/div>\n\t\t<\/section>\n\t\t\t\t<\/div>\n\t\t\t\t<\/div>\n\t\t\t\t\t\t<\/div>\n\t\t\t\t<\/div>\n\t\t\t\t\t<\/div>\n\t\t<\/div>\n\t\t\t\t\t<\/div>\n\t\t<\/section>\n\t\t\t\t<section class=\"elementor-section elementor-top-section elementor-element elementor-element-1a5938e3 elementor-section-boxed elementor-section-height-default elementor-section-height-default\" data-id=\"1a5938e3\" data-element_type=\"section\" data-e-type=\"section\">\n\t\t\t\t\t\t<div class=\"elementor-container elementor-column-gap-default\">\n\t\t\t\t\t<div class=\"elementor-column elementor-col-100 elementor-top-column elementor-element elementor-element-8b5b9a8\" data-id=\"8b5b9a8\" data-element_type=\"column\" data-e-type=\"column\">\n\t\t\t<div class=\"elementor-widget-wrap elementor-element-populated\">\n\t\t\t\t\t\t<div class=\"elementor-element elementor-element-4fac90af elementor-widget elementor-widget-heading\" data-id=\"4fac90af\" data-element_type=\"widget\" data-e-type=\"widget\" data-widget_type=\"heading.default\">\n\t\t\t\t<div class=\"elementor-widget-container\">\n\t\t\t\t\t<h1 class=\"elementor-heading-title elementor-size-default\">R\u00fcckgaberecht<\/h1>\t\t\t\t<\/div>\n\t\t\t\t<\/div>\n\t\t\t\t<div class=\"elementor-element elementor-element-1d16ef9 elementor-widget elementor-widget-text-editor\" data-id=\"1d16ef9\" data-element_type=\"widget\" data-e-type=\"widget\" data-widget_type=\"text-editor.default\">\n\t\t\t\t<div class=\"elementor-widget-container\">\n\t\t\t\t\t\t\t\t\t<section class=\"elementor-section elementor-top-section elementor-element elementor-element-42e88cd elementor-section-boxed elementor-section-height-default elementor-section-height-default\" data-id=\"42e88cd\" data-element_type=\"section\">\n<div class=\"elementor-container elementor-column-gap-default\">\n<div class=\"elementor-row\">\n<div class=\"elementor-column elementor-col-100 elementor-top-column elementor-element elementor-element-6106f91\" data-id=\"6106f91\" data-element_type=\"column\">\n<div class=\"elementor-column-wrap elementor-element-populated\">\n<div class=\"elementor-widget-wrap\">\n<div class=\"elementor-element elementor-element-ebbd26e elementor-widget elementor-widget-text-editor\" data-id=\"ebbd26e\" data-element_type=\"widget\" data-widget_type=\"text-editor.default\">\n<div class=\"elementor-widget-container\">\n<div class=\"elementor-text-editor elementor-clearfix\">\n<div class=\"page\" title=\"Seite 1\">\n<div class=\"layoutArea\">\n<div class=\"column\">\n<p>Bei Exposure Systems gekaufte Artikel k\u00f6nnen in den meisten F\u00e4llen innerhalb von 30 Tagen nach Erhalt zur\u00fcckgegeben werden. W\u00e4hrend dieser Zeit k\u00f6nnen Sie die Produkte wie in einem Ladengesch\u00e4ft ausprobieren und pr\u00fcfen. Wenn Sie ein Produkt zur\u00fcckgeben m\u00f6chten, muss es sich in demselben Zustand befinden, in dem Sie es erhalten haben, ohne jegliche Besch\u00e4digung. Sie k\u00f6nnen die Produkte aus der Verpackung nehmen, es sei denn, die Verpackung ist versiegelt.<\/p>\n<p>Wenn Sie Produkte zur\u00fcckgeben m\u00f6chten, bitten wir Sie, uns dies im Voraus mitzuteilen, indem Sie das R\u00fcckgabeformular auf unserer Website ausf\u00fcllen oder das Widerrufsformular unten verwenden. Sie k\u00f6nnen uns auch eine E-Mail schicken an: info@exposure-systems.com. Bitte beachten Sie, dass Sie die Produkte innerhalb von 14 Tagen nach Benachrichtigung zur\u00fcckgeben m\u00fcssen.<\/p>\n<h2>Bearbeitung Ihrer R\u00fcckgabe<\/h2>\n<p>Nachdem wir Ihre R\u00fccksendung erhalten haben, werden wir uns an die Arbeit machen, die zur\u00fcckgesandten Artikel zu bewerten und Ihre R\u00fcckerstattung zu bearbeiten. Das Geld wird auf die urspr\u00fcngliche Zahlungsmethode zur\u00fcckerstattet, die Sie beim Kauf verwendet haben, sofern Sie nichts anderes w\u00fcnschen. Der Betrag wird innerhalb von 5 Tagen zur\u00fcckerstattet. Die Kosten f\u00fcr die R\u00fccksendung werden von uns \u00fcbernommen.<\/p>\n<h2>Artikel, die nicht zur\u00fcckgegeben werden k\u00f6nnen<\/h2>\n<h4>Die folgenden Artikel k\u00f6nnen nicht zur\u00fcckgegeben werden:<\/h4>\n<ul>\n<li>Produkte, die nach den Spezifikationen des K\u00e4ufers angefertigt werden, wie z.B.: Aluminiumrahmen, die von den angebotenen Standardformaten abweichen, begleitende Drucke, die auf das gew\u00fcnschte Format zugeschnitten sind, und Bildmaterial, das der Kunde selbst nach seinen Spezifikationen hochgeladen hat<\/li>\n<\/ul>\n<\/div>\n<\/div>\n<\/div>\n<\/div>\n<\/div>\n<\/div>\n<\/div>\n<\/div>\n<\/div>\n<\/div>\n<\/div>\n<\/section>\n<section class=\"elementor-section elementor-top-section elementor-element elementor-element-08536d8 elementor-section-boxed elementor-section-height-default elementor-section-height-default\" data-id=\"08536d8\" data-element_type=\"section\">\n<div class=\"elementor-container elementor-column-gap-default\">\n<div class=\"elementor-row\">\n<div class=\"elementor-column elementor-col-100 elementor-top-column elementor-element elementor-element-8bc9b6f\" data-id=\"8bc9b6f\" data-element_type=\"column\">\n<div class=\"elementor-column-wrap elementor-element-populated\">\n<div class=\"elementor-widget-wrap\">\n<div class=\"elementor-element elementor-element-6dfdc4d elementor-widget elementor-widget-text-editor\" data-id=\"6dfdc4d\" data-element_type=\"widget\" data-widget_type=\"text-editor.default\">\n<div class=\"elementor-widget-container\">\n<div class=\"elementor-text-editor elementor-clearfix\">\n<h3>F\u00fcllen Sie unser <a href=\"\/wp-content\/uploads\/2023\/07\/Retourbeleid-Exposure-Systems.pdf\">Widerrufsformular<\/a> aus, um Artikel zur\u00fcckzugeben, die die oben genannten Bedingungen erf\u00fcllen.<\/h3>\n<\/div>\n<\/div>\n<\/div>\n<\/div>\n<\/div>\n<\/div>\n<\/div>\n<\/div>\n<\/section>\n\t\t\t\t\t\t\t\t<\/div>\n\t\t\t\t<\/div>\n\t\t\t\t<div class=\"elementor-element elementor-element-d81fed3 elementor-widget elementor-widget-text-editor\" data-id=\"d81fed3\" data-element_type=\"widget\" data-e-type=\"widget\" data-widget_type=\"text-editor.default\">\n\t\t\t\t<div class=\"elementor-widget-container\">\n\t\t\t\t\t\t\t\t\t<p>Ihre personenbezogenen Daten k\u00f6nnen auch verarbeitet werden, wenn dies gerechtfertigt ist:<\/p>\n<ul>\n<li>Im Interesse der Sicherheit des Staates;<\/li>\n<li>Um Straftaten zu verhindern, aufzudecken und zu verfolgen;<\/li>\n<li>F\u00fcr wichtige wirtschaftliche und finanzielle Interessen des Staates und anderer \u00f6ffentlicher Einrichtungen<\/li>\n<li>Um die Rechte und Freiheiten anderer zu sch\u00fctzen;<\/li>\n<li>\u00dcberwachung der Einhaltung gesetzlicher Vorschriften, die f\u00fcr die Ermittlung und Verfolgung von Straftaten oder f\u00fcr wichtige wirtschaftliche und finanzielle Interessen des Staates und anderer \u00f6ffentlicher Einrichtungen gelten.<\/li>\n<\/ul>\n<h2>Aufbewahrungsfrist<\/h2>\n<p>Ihre pers\u00f6nlichen Daten werden nicht l\u00e4nger aufbewahrt, als es f\u00fcr den Zweck, f\u00fcr den wir sie sammeln oder verarbeiten, erforderlich ist. Ihre pers\u00f6nlichen Daten werden nicht l\u00e4nger als zwei Jahre aufbewahrt, es sei denn, es ist notwendig, Ihre Daten l\u00e4nger aufzubewahren, um einer gesetzlichen Aufbewahrungspflicht von Exposure Systems Nederland BV nachzukommen.<\/p>\n<h2>Empf\u00e4nger Ihrer Daten<\/h2>\n<p>Ihre pers\u00f6nlichen Daten werden von uns an die folgenden Kategorien von Empf\u00e4ngern weitergegeben:<\/p>\n<p>o Diejenigen, die mit der Durchf\u00fchrung der Vereinbarung beauftragt oder notwendigerweise daran beteiligt sind.<\/p>\n<p>o Diejenigen, die mit der Kommunikation mit dem Nutzer beauftragt oder notwendigerweise daran beteiligt sind.<\/p>\n<p>o Andere, wenn der Nutzer der Datenverarbeitung eindeutig zugestimmt hat.<\/p>\n<p>o Andere, wenn die Datenverarbeitung f\u00fcr die Erf\u00fcllung einer gesetzlichen Verpflichtung durch Exposure Systems Nederland BV erforderlich ist;<\/p>\n<p>o Andere, wenn die Daten (ausschlie\u00dflich) zu statistischen oder historischen Zwecken verarbeitet werden.<\/p>\n<p>Die diesen Empf\u00e4ngern zur Verf\u00fcgung gestellten Daten werden auf Wunsch des Benutzers oder sp\u00e4testens ein Jahr nach Beendigung der Beziehung zwischen Exposure Systems Nederland BV und diesen Empf\u00e4ngern gel\u00f6scht.<\/p>\n<h2>\u00dcbertragung in andere L\u00e4nder<\/h2>\n<p>Ihre pers\u00f6nlichen Daten werden nicht in L\u00e4nder au\u00dferhalb Europas \u00fcbertragen.<\/p>\n<h2>Einspruch und Korrektur<\/h2>\n<p>Sie k\u00f6nnen der Verwendung Ihrer personenbezogenen Daten f\u00fcr Direktmarketingzwecke kostenlos und ohne Angabe von Gr\u00fcnden widersprechen, indem Sie eine E-Mail an <a href=\"mailto:info@exposure-systems.com\">info@exposure-systems.com<\/a> senden. <\/p>\n<p>Exposure Systems Nederland BV wird die Nutzung auf erstes Anfordern beenden. In allen anderen F\u00e4llen k\u00f6nnen Sie der Verarbeitung aufgrund besonderer pers\u00f6nlicher Umst\u00e4nde widersprechen, indem Sie eine E-Mail an <a href=\"mailto:info@exposure-systems.com\">info@exposure-systems.com<\/a> senden.<\/p>\n<p>Exposure Systems Nederland BV wird innerhalb von vier Wochen nach Erhalt des Widerspruchs pr\u00fcfen, ob dieser gerechtfertigt ist. In diesem Fall wird die Exposure Systems Nederland BV die Verarbeitung beenden. F\u00fcr einen unbegr\u00fcndeten Widerspruch kann Exposure Systems Nederland BV eine Geb\u00fchr erheben, die in der &#8216;Verordnung \u00fcber die Erstattung von Kosten, die den betroffenen Personen entstehen&#8217; &#8216;Wbp&#8217; &#8216; festgelegt ist.<\/p>\n<p>Wenn Ihre pers\u00f6nlichen Daten nicht korrekt sind, k\u00f6nnen Sie Exposure Systems Nederland BV auffordern, Ihre pers\u00f6nlichen Daten zu korrigieren, indem Sie eine E-Mail an <a href=\"mailto:info@exposure-systems.com\">info@exposure-systems.com<\/a> senden.<\/p>\n<p>Exposure Systems Nederland BV wird Sie innerhalb von vier Wochen per E-Mail dar\u00fcber informieren, inwieweit sie dem Korrekturwunsch nachkommen kann. Die Berichtigung erfolgt, wenn personenbezogene Daten sachlich falsch, unvollst\u00e4ndig oder f\u00fcr den Zweck, f\u00fcr den sie verarbeitet werden, irrelevant sind oder anderweitig unter Versto\u00df gegen eine Vorschrift des &#8221; Wbp &#8221; oder eines anderen Gesetzes verarbeitet werden.<\/p>\n<h2>Sicherheit pers\u00f6nlicher Daten<\/h2>\n<p>Exposure Systems Nederland BV hat angemessene technische und organisatorische Ma\u00dfnahmen nach dem Stand der Technik getroffen, um Datenverlust oder unrechtm\u00e4\u00dfige Verarbeitung zu verhindern.<\/p>\n<h2>Cookies<\/h2>\n<p>Exposure Systems Nederland BV kann Cookies verwenden. Ein Cookie ist eine kleine Textdatei, die auf Ihrem (mobilen) Ger\u00e4t abgelegt wird und Informationen \u00fcber Ihre Nutzung der Website speichert. Exposure Systems Nederland BV verwendet ebenfalls Cookies, um pers\u00f6nliche Daten zu speichern, wenn Sie die Website nutzen. Die meisten Browser erm\u00f6glichen es Ihnen, die Verwendung von Cookies abzulehnen oder Sie jedes Mal um Erlaubnis zu fragen, wenn ein Server ein Cookie auf Ihrem Computer platzieren m\u00f6chte. Wenn Sie das Setzen von Cookies nicht zulassen, kann die Nutzbarkeit der Website beeintr\u00e4chtigt sein oder bestimmte Teile der Website sind f\u00fcr Sie nicht zug\u00e4nglich.<\/p>\n<h2>Datenschutzbestimmungen \u00e4ndern<\/h2>\n<p>Es k\u00f6nnen \u00c4nderungen an dieser Datenschutzerkl\u00e4rung vorgenommen werden. Diese Datenschutzerkl\u00e4rung ist auf der Website www.exposure-systems.com ver\u00f6ffentlicht. Diese Version gilt ab dem 28. April 2023.<\/p>\n\t\t\t\t\t\t\t\t<\/div>\n\t\t\t\t<\/div>\n\t\t\t\t<div class=\"elementor-element elementor-element-4c00d97 elementor-widget elementor-widget-spacer\" data-id=\"4c00d97\" data-element_type=\"widget\" data-e-type=\"widget\" data-widget_type=\"spacer.default\">\n\t\t\t\t<div class=\"elementor-widget-container\">\n\t\t\t\t\t\t\t<div class=\"elementor-spacer\">\n\t\t\t<div class=\"elementor-spacer-inner\"><\/div>\n\t\t<\/div>\n\t\t\t\t\t\t<\/div>\n\t\t\t\t<\/div>\n\t\t\t\t\t<\/div>\n\t\t<\/div>\n\t\t\t\t\t<\/div>\n\t\t<\/section>\n\t\t\t\t<\/div>\n\t\t","protected":false},"excerpt":{"rendered":"<p>R\u00fcckgaberecht Bei Exposure Systems gekaufte Artikel k\u00f6nnen in den meisten F\u00e4llen innerhalb von 30 Tagen nach Erhalt zur\u00fcckgegeben werden. W\u00e4hrend dieser Zeit k\u00f6nnen Sie die Produkte wie in einem Ladengesch\u00e4ft ausprobieren und pr\u00fcfen. Wenn Sie ein Produkt zur\u00fcckgeben m\u00f6chten, muss es sich in demselben Zustand befinden, in dem Sie es erhalten haben, ohne jegliche Besch\u00e4digung. [&hellip;]<\/p>\n","protected":false},"author":1,"featured_media":0,"parent":0,"menu_order":0,"comment_status":"closed","ping_status":"closed","template":"","meta":{"site-sidebar-layout":"default","site-content-layout":"default","ast-site-content-layout":"default","site-content-style":"default","site-sidebar-style":"default","ast-global-header-display":"","ast-banner-title-visibility":"","ast-main-header-display":"","ast-hfb-above-header-display":"","ast-hfb-below-header-display":"","ast-hfb-mobile-header-display":"","site-post-title":"disabled","ast-breadcrumbs-content":"","ast-featured-img":"","footer-sml-layout":"","ast-disable-related-posts":"","theme-transparent-header-meta":"default","adv-header-id-meta":"","stick-header-meta":"","header-above-stick-meta":"","header-main-stick-meta":"","header-below-stick-meta":"","astra-migrate-meta-layouts":"default","ast-page-background-enabled":"default","ast-page-background-meta":{"desktop":{"background-color":"var(--ast-global-color-4)","background-image":"","background-repeat":"repeat","background-position":"center center","background-size":"auto","background-attachment":"scroll","background-type":"","background-media":"","overlay-type":"","overlay-color":"","overlay-opacity":"","overlay-gradient":""},"tablet":{"background-color":"","background-image":"","background-repeat":"repeat","background-position":"center center","background-size":"auto","background-attachment":"scroll","background-type":"","background-media":"","overlay-type":"","overlay-color":"","overlay-opacity":"","overlay-gradient":""},"mobile":{"background-color":"","background-image":"","background-repeat":"repeat","background-position":"center center","background-size":"auto","background-attachment":"scroll","background-type":"","background-media":"","overlay-type":"","overlay-color":"","overlay-opacity":"","overlay-gradient":""}},"ast-content-background-meta":{"desktop":{"background-color":"var(--ast-global-color-5)","background-image":"","background-repeat":"repeat","background-position":"center center","background-size":"auto","background-attachment":"scroll","background-type":"","background-media":"","overlay-type":"","overlay-color":"","overlay-opacity":"","overlay-gradient":""},"tablet":{"background-color":"var(--ast-global-color-5)","background-image":"","background-repeat":"repeat","background-position":"center center","background-size":"auto","background-attachment":"scroll","background-type":"","background-media":"","overlay-type":"","overlay-color":"","overlay-opacity":"","overlay-gradient":""},"mobile":{"background-color":"var(--ast-global-color-5)","background-image":"","background-repeat":"repeat","background-position":"center center","background-size":"auto","background-attachment":"scroll","background-type":"","background-media":"","overlay-type":"","overlay-color":"","overlay-opacity":"","overlay-gradient":""}},"footnotes":""},"class_list":["post-1001","page","type-page","status-publish","hentry"],"_links":{"self":[{"href":"https:\/\/exposure-systems.com\/de\/wp-json\/wp\/v2\/pages\/1001","targetHints":{"allow":["GET"]}}],"collection":[{"href":"https:\/\/exposure-systems.com\/de\/wp-json\/wp\/v2\/pages"}],"about":[{"href":"https:\/\/exposure-systems.com\/de\/wp-json\/wp\/v2\/types\/page"}],"author":[{"embeddable":true,"href":"https:\/\/exposure-systems.com\/de\/wp-json\/wp\/v2\/users\/1"}],"replies":[{"embeddable":true,"href":"https:\/\/exposure-systems.com\/de\/wp-json\/wp\/v2\/comments?post=1001"}],"version-history":[{"count":1,"href":"https:\/\/exposure-systems.com\/de\/wp-json\/wp\/v2\/pages\/1001\/revisions"}],"predecessor-version":[{"id":1006,"href":"https:\/\/exposure-systems.com\/de\/wp-json\/wp\/v2\/pages\/1001\/revisions\/1006"}],"wp:attachment":[{"href":"https:\/\/exposure-systems.com\/de\/wp-json\/wp\/v2\/media?parent=1001"}],"curies":[{"name":"wp","href":"https:\/\/api.w.org\/{rel}","templated":true}]}}